{"id":7,"date":"2026-04-13T21:31:18","date_gmt":"2026-04-13T21:31:18","guid":{"rendered":"https:\/\/jshouse.cz\/?page_id=7"},"modified":"2026-04-13T21:33:36","modified_gmt":"2026-04-13T21:33:36","slug":"js-house-s-r-o","status":"publish","type":"page","link":"https:\/\/jshouse.cz\/","title":{"rendered":""},"content":{"rendered":"\n<figure class=\"wp-block-image aligncenter size-large\"><img loading=\"lazy\" decoding=\"async\" width=\"1024\" height=\"683\" src=\"https:\/\/jshouse.cz\/wp-content\/uploads\/2026\/04\/logo_jshouse-1024x683.png\" alt=\"\" class=\"wp-image-9\" srcset=\"https:\/\/jshouse.cz\/wp-content\/uploads\/2026\/04\/logo_jshouse-1024x683.png 1024w, https:\/\/jshouse.cz\/wp-content\/uploads\/2026\/04\/logo_jshouse-300x200.png 300w, https:\/\/jshouse.cz\/wp-content\/uploads\/2026\/04\/logo_jshouse-768x512.png 768w, https:\/\/jshouse.cz\/wp-content\/uploads\/2026\/04\/logo_jshouse.png 1536w\" sizes=\"auto, (max-width: 1024px) 100vw, 1024px\" \/><\/figure>\n\n\n\n<p class=\"has-text-align-center\"><strong>JS House s.r.o.<br><\/strong>N\u00e1rodn\u00ed t\u0159\u00edda 263\/6, 695 01 Hodon\u00edn<br>I\u010c: 24877662<br>Email: <a href=\"mailto:info@jshouse.cz\">info@jshouse.cz<\/a> <\/p>\n\n\n\n<p><\/p>\n","protected":false},"excerpt":{"rendered":"<p>JS House s.r.o.N\u00e1rodn\u00ed t\u0159\u00edda 263\/6, 695 01 Hodon\u00ednI\u010c: 24877662Email: info@jshouse.cz<\/p>\n","protected":false},"author":1,"featured_media":0,"parent":0,"menu_order":0,"comment_status":"closed","ping_status":"closed","template":"","meta":{"footnotes":""},"class_list":["post-7","page","type-page","status-publish","hentry"],"_links":{"self":[{"href":"https:\/\/jshouse.cz\/index.php?rest_route=\/wp\/v2\/pages\/7","targetHints":{"allow":["GET"]}}],"collection":[{"href":"https:\/\/jshouse.cz\/index.php?rest_route=\/wp\/v2\/pages"}],"about":[{"href":"https:\/\/jshouse.cz\/index.php?rest_route=\/wp\/v2\/types\/page"}],"author":[{"embeddable":true,"href":"https:\/\/jshouse.cz\/index.php?rest_route=\/wp\/v2\/users\/1"}],"replies":[{"embeddable":true,"href":"https:\/\/jshouse.cz\/index.php?rest_route=%2Fwp%2Fv2%2Fcomments&post=7"}],"version-history":[{"count":2,"href":"https:\/\/jshouse.cz\/index.php?rest_route=\/wp\/v2\/pages\/7\/revisions"}],"predecessor-version":[{"id":11,"href":"https:\/\/jshouse.cz\/index.php?rest_route=\/wp\/v2\/pages\/7\/revisions\/11"}],"wp:attachment":[{"href":"https:\/\/jshouse.cz\/index.php?rest_route=%2Fwp%2Fv2%2Fmedia&parent=7"}],"curies":[{"name":"wp","href":"https:\/\/api.w.org\/{rel}","templated":true}]}}